{"id":12,"date":"2016-08-25T10:46:56","date_gmt":"2016-08-25T10:46:56","guid":{"rendered":"http:\/\/dev.borralhoematos.pt\/?page_id=12"},"modified":"2022-04-21T12:03:39","modified_gmt":"2022-04-21T12:03:39","slug":"recrutamento","status":"publish","type":"page","link":"http:\/\/borralhoematos.pt\/es\/recrutamento\/","title":{"rendered":"Reclutamiento"},"content":{"rendered":"<p><\/p>\n<p style=\"text-align: justify;\">A Borralho e Matos, Lda. \u00e9 uma empresa de car\u00e1ter jovem e profissional, em crescimento. A qualidade do nosso produto \u00e9 o espelho da compet\u00eancia, dedica\u00e7\u00e3o e empenho de todos os colaboradores, onde o espirito de entreajuda e transfer\u00eancia de conhecimento fazem parte da sua identidade.<\/p>\n<p style=\"text-align: justify;\">Actualmente no hay vacantes disponibles.<\/p>\n<p style=\"text-align: justify;\">Pode tamb\u00e9m submeter-nos o seu\u00a0<em>Curriculum Vitae<\/em>, para posterior an\u00e1lise, em fun\u00e7\u00e3o de eventuais vagas para\u00a0<a href=\"mailto:geral@borralhoematos.pt\">geral@borralhoematos.pt<\/a>.<\/p>\n<p><strong>Requisito obrigat\u00f3rio:\u00a0<\/strong><\/p>\n<ul>\n<li>\u00a0Resid\u00eancia em Portugal<\/li>\n<\/ul>\n<p>&nbsp;<\/p>\n<p style=\"text-align: justify;\">\n<p><\/p>","protected":false},"excerpt":{"rendered":"<p>A Borralho e Matos, Lda. \u00e9 uma empresa de car\u00e1ter jovem e profissional, em crescimento. A qualidade do nosso produto \u00e9 o espelho da compet\u00eancia, dedica\u00e7\u00e3o e empenho de todos os colaboradores, onde o espirito de entreajuda e transfer\u00eancia de conhecimento fazem parte da sua identidade. Actualmente no hay vacantes disponibles. Pode tamb\u00e9m submeter-nos o [&hellip;]<\/p>\n","protected":false},"author":1,"featured_media":0,"parent":0,"menu_order":0,"comment_status":"closed","ping_status":"closed","template":"","meta":[],"_links":{"self":[{"href":"http:\/\/borralhoematos.pt\/es\/wp-json\/wp\/v2\/pages\/12"}],"collection":[{"href":"http:\/\/borralhoematos.pt\/es\/wp-json\/wp\/v2\/pages"}],"about":[{"href":"http:\/\/borralhoematos.pt\/es\/wp-json\/wp\/v2\/types\/page"}],"author":[{"embeddable":true,"href":"http:\/\/borralhoematos.pt\/es\/wp-json\/wp\/v2\/users\/1"}],"replies":[{"embeddable":true,"href":"http:\/\/borralhoematos.pt\/es\/wp-json\/wp\/v2\/comments?post=12"}],"version-history":[{"count":40,"href":"http:\/\/borralhoematos.pt\/es\/wp-json\/wp\/v2\/pages\/12\/revisions"}],"predecessor-version":[{"id":712,"href":"http:\/\/borralhoematos.pt\/es\/wp-json\/wp\/v2\/pages\/12\/revisions\/712"}],"wp:attachment":[{"href":"http:\/\/borralhoematos.pt\/es\/wp-json\/wp\/v2\/media?parent=12"}],"curies":[{"name":"wp","href":"https:\/\/api.w.org\/{rel}","templated":true}]}}