{"id":4,"date":"2016-08-25T10:46:08","date_gmt":"2016-08-25T10:46:08","guid":{"rendered":"http:\/\/dev.borralhoematos.pt\/?page_id=4"},"modified":"2024-03-26T11:57:12","modified_gmt":"2024-03-26T11:57:12","slug":"a-empresa","status":"publish","type":"page","link":"http:\/\/borralhoematos.pt\/es\/a-empresa\/","title":{"rendered":"Empresa"},"content":{"rendered":"<p><\/p>\n<p style=\"text-align: justify;\">Borralho &amp; Matos, Lda. es una empresa de metalmec\u00e1nica, en el sector desde el a\u00f1o 1998, teniendo como actividad principal ingenier\u00eda de precisi\u00f3n, fabricaci\u00f3n y reparaci\u00f3n de moldes.<\/p>\n<p style=\"text-align: justify;\">Desde el a\u00f1o 2001, en la Zona Industrial la Mota, Gafanha da Encarna\u00e7\u00e3o, Distrito de Aveiro, con capacidad para los servicios de:<\/p>\n<ul>\n<li>Producci\u00f3n de moldes y herramientas por medici\u00f3n;<\/li>\n<li>Dise\u00f1o y desarrollo de soluciones mec\u00e1nicas industriales;<\/li>\n<li>Proyecto y dise\u00f1o mec\u00e1nico (CAD);<\/li>\n<li>CNC \/ CAM;<\/li>\n<li>Instalaci\u00f3n y prueba de piezas y componentes.<\/li>\n<\/ul>\n<p style=\"text-align: justify;\">Con una estrecha relaci\u00f3n entre estos dos sectores Borralho &amp; Matos, Lda. ofrece calidad de sus servicios.<\/p>\n<p><strong><em>Sectores de Actividad<\/em><\/strong><\/p>\n<ul>\n<li>Industria del Autom\u00f3vil<\/li>\n<li>Industria Electrodom\u00e9sticos<\/li>\n<li>Industria Aeron\u00e1utica<\/li>\n<li>Industria de Automatizaci\u00f3n<\/li>\n<li>Industria del molde<\/li>\n<\/ul>\n<p style=\"text-align: center;\"><em><strong>Misi\u00f3n y Valores<\/strong><\/em><\/p>\n<p style=\"text-align: center;\">Borralho &amp; Matos Lda., tiene como misi\u00f3n satisfacer sus clientes de una forma competitiva y innovadora; perpetuar la actividad de la empresa, aumentando su participaci\u00f3n en el mercado con el retorno adecuado de la inversi\u00f3n; proporcionar un ambiente de trabajo saludable para sus trabajadores y contribuyendo sempre com la preservaci\u00f3n del medio ambiente.<\/p>\n<p style=\"text-align: center;\">Know-how, flexibilidad, \u00e9tica y competencia complementan los valores y principios de la pol\u00edtica empresarial.<\/p>\n<p style=\"text-align: center;\">dedicaci\u00f3n y compromiso de todos los trabajadores, donde el esp\u00edritu de autoayuda y la transferencia de conocimiento hacen parte de la identidad.<\/p>\n<p><\/p>","protected":false},"excerpt":{"rendered":"<p>Borralho &amp; Matos, Lda. es una empresa de metalmec\u00e1nica, en el sector desde el a\u00f1o 1998, teniendo como actividad principal ingenier\u00eda de precisi\u00f3n, fabricaci\u00f3n y reparaci\u00f3n de moldes. Desde el a\u00f1o 2001, en la Zona Industrial la Mota, Gafanha da Encarna\u00e7\u00e3o, Distrito de Aveiro, con capacidad para los servicios de: Producci\u00f3n de moldes y herramientas [&hellip;]<\/p>\n","protected":false},"author":1,"featured_media":0,"parent":0,"menu_order":0,"comment_status":"closed","ping_status":"closed","template":"","meta":[],"_links":{"self":[{"href":"http:\/\/borralhoematos.pt\/es\/wp-json\/wp\/v2\/pages\/4"}],"collection":[{"href":"http:\/\/borralhoematos.pt\/es\/wp-json\/wp\/v2\/pages"}],"about":[{"href":"http:\/\/borralhoematos.pt\/es\/wp-json\/wp\/v2\/types\/page"}],"author":[{"embeddable":true,"href":"http:\/\/borralhoematos.pt\/es\/wp-json\/wp\/v2\/users\/1"}],"replies":[{"embeddable":true,"href":"http:\/\/borralhoematos.pt\/es\/wp-json\/wp\/v2\/comments?post=4"}],"version-history":[{"count":37,"href":"http:\/\/borralhoematos.pt\/es\/wp-json\/wp\/v2\/pages\/4\/revisions"}],"predecessor-version":[{"id":805,"href":"http:\/\/borralhoematos.pt\/es\/wp-json\/wp\/v2\/pages\/4\/revisions\/805"}],"wp:attachment":[{"href":"http:\/\/borralhoematos.pt\/es\/wp-json\/wp\/v2\/media?parent=4"}],"curies":[{"name":"wp","href":"https:\/\/api.w.org\/{rel}","templated":true}]}}