{"id":12,"date":"2016-08-25T10:46:56","date_gmt":"2016-08-25T10:46:56","guid":{"rendered":"http:\/\/dev.borralhoematos.pt\/?page_id=12"},"modified":"2022-04-21T12:03:39","modified_gmt":"2022-04-21T12:03:39","slug":"recrutamento","status":"publish","type":"page","link":"http:\/\/borralhoematos.pt\/fr\/recrutamento\/","title":{"rendered":"Recrutement"},"content":{"rendered":"<p>Borralho &amp; Matos, Lda. est une entreprise jeune et professionnelle, qui est en croissance. La qualit\u00e9 de nos produits est le r\u00e9sultat de la comp\u00e9tence, le d\u00e9vouement et l\u2019engagement de tous les employ\u00e9s, o\u00f9 l&rsquo;esprit d&rsquo;entraide et de transfert des connaissances font partie de leur identit\u00e9.<\/p>\n<p>Il n&rsquo;y a actuellement aucun poste disponible.<\/p>\n<p style=\"text-align: justify;\">Vous pouvez \u00e9galement envoyer votre CV pour une analyse plus approfondie et des ouvertures \u00e9ventuelles \u00e0 <a href=\"mailto:geral@borralhoematos.pt\">geral@borralhoematos.pt<\/a>.<\/p>\n<p><strong>Exigences:<\/strong><\/p>\n<ul>\n<li>R\u00e9sidence au Portugal<\/li>\n<\/ul>\n<p>&nbsp;<\/p>","protected":false},"excerpt":{"rendered":"<p>Borralho &amp; Matos, Lda. est une entreprise jeune et professionnelle, qui est en croissance. La qualit\u00e9 de nos produits est le r\u00e9sultat de la comp\u00e9tence, le d\u00e9vouement et l\u2019engagement de tous les employ\u00e9s, o\u00f9 l&rsquo;esprit d&rsquo;entraide et de transfert des connaissances font partie de leur identit\u00e9. Il n&rsquo;y a actuellement aucun poste disponible. Vous pouvez [&hellip;]<\/p>\n","protected":false},"author":1,"featured_media":0,"parent":0,"menu_order":0,"comment_status":"closed","ping_status":"closed","template":"","meta":[],"_links":{"self":[{"href":"http:\/\/borralhoematos.pt\/fr\/wp-json\/wp\/v2\/pages\/12"}],"collection":[{"href":"http:\/\/borralhoematos.pt\/fr\/wp-json\/wp\/v2\/pages"}],"about":[{"href":"http:\/\/borralhoematos.pt\/fr\/wp-json\/wp\/v2\/types\/page"}],"author":[{"embeddable":true,"href":"http:\/\/borralhoematos.pt\/fr\/wp-json\/wp\/v2\/users\/1"}],"replies":[{"embeddable":true,"href":"http:\/\/borralhoematos.pt\/fr\/wp-json\/wp\/v2\/comments?post=12"}],"version-history":[{"count":40,"href":"http:\/\/borralhoematos.pt\/fr\/wp-json\/wp\/v2\/pages\/12\/revisions"}],"predecessor-version":[{"id":712,"href":"http:\/\/borralhoematos.pt\/fr\/wp-json\/wp\/v2\/pages\/12\/revisions\/712"}],"wp:attachment":[{"href":"http:\/\/borralhoematos.pt\/fr\/wp-json\/wp\/v2\/media?parent=12"}],"curies":[{"name":"wp","href":"https:\/\/api.w.org\/{rel}","templated":true}]}}