{"id":14,"date":"2016-08-25T10:47:06","date_gmt":"2016-08-25T10:47:06","guid":{"rendered":"http:\/\/dev.borralhoematos.pt\/?page_id=14"},"modified":"2020-09-30T11:42:12","modified_gmt":"2020-09-30T11:42:12","slug":"contactos","status":"publish","type":"page","link":"http:\/\/borralhoematos.pt\/fr\/contactos\/","title":{"rendered":"Contacts"},"content":{"rendered":"<p><\/p>\n<p style=\"text-align: center;\">\r\n                \r\n            <div id=\"wpgmza_map\"  style=\"display:block; overflow:auto; width:100%; height:400px; margin-left:auto !important; margin-right:auto; !important; align:center;\">\r\n            \r\n            <\/div>\r\n        <\/p>\n<p style=\"text-align: center;\"><strong>Adresse<\/strong><\/p>\n<p style=\"text-align: center;\">Z. Ind. da Mota, Rua 12 &#8211; Lote A-48 |\u00a0Apartado 511<\/p>\n<p style=\"text-align: center;\">3834-906\u00a0Gafanha da Encarna\u00e7\u00e3o<\/p>\n<p style=\"text-align: center;\"><strong>Coordonn\u00e9es<\/strong><\/p>\n<p style=\"text-align: center;\">40\u00ba 36\u2019 03\u201d N 8\u00ba 42\u2019 56\u201d W<\/p>\n<p style=\"text-align: center;\"><strong>T\u00e9l\u00e9phone\/Fax<\/strong><\/p>\n<p style=\"text-align: center;\">(+351) 234 327 469 \/\u00a0(+351) 234 327 384<\/p>\n<p style=\"text-align: center;\"><strong>E-mail<\/strong><\/p>\n<p style=\"text-align: center;\">geral@borralhoematos.pt<\/p>\n<p><\/p>","protected":false},"excerpt":{"rendered":"<p>Adresse Z. Ind. da Mota, Rua 12 &#8211; Lote A-48 |\u00a0Apartado 511 3834-906\u00a0Gafanha da Encarna\u00e7\u00e3o Coordonn\u00e9es 40\u00ba 36\u2019 03\u201d N 8\u00ba 42\u2019 56\u201d W T\u00e9l\u00e9phone\/Fax (+351) 234 327 469 \/\u00a0(+351) 234 327 384 E-mail geral@borralhoematos.pt<\/p>\n","protected":false},"author":1,"featured_media":0,"parent":0,"menu_order":0,"comment_status":"closed","ping_status":"closed","template":"","meta":[],"_links":{"self":[{"href":"http:\/\/borralhoematos.pt\/fr\/wp-json\/wp\/v2\/pages\/14"}],"collection":[{"href":"http:\/\/borralhoematos.pt\/fr\/wp-json\/wp\/v2\/pages"}],"about":[{"href":"http:\/\/borralhoematos.pt\/fr\/wp-json\/wp\/v2\/types\/page"}],"author":[{"embeddable":true,"href":"http:\/\/borralhoematos.pt\/fr\/wp-json\/wp\/v2\/users\/1"}],"replies":[{"embeddable":true,"href":"http:\/\/borralhoematos.pt\/fr\/wp-json\/wp\/v2\/comments?post=14"}],"version-history":[{"count":15,"href":"http:\/\/borralhoematos.pt\/fr\/wp-json\/wp\/v2\/pages\/14\/revisions"}],"predecessor-version":[{"id":744,"href":"http:\/\/borralhoematos.pt\/fr\/wp-json\/wp\/v2\/pages\/14\/revisions\/744"}],"wp:attachment":[{"href":"http:\/\/borralhoematos.pt\/fr\/wp-json\/wp\/v2\/media?parent=14"}],"curies":[{"name":"wp","href":"https:\/\/api.w.org\/{rel}","templated":true}]}}