{"id":294,"date":"2016-11-09T14:24:39","date_gmt":"2016-11-09T14:24:39","guid":{"rendered":"http:\/\/dev.borralhoematos.pt\/?page_id=294"},"modified":"2016-12-06T17:11:29","modified_gmt":"2016-12-06T17:11:29","slug":"francais-equipamentos","status":"publish","type":"page","link":"http:\/\/borralhoematos.pt\/fr\/francais-equipamentos\/","title":{"rendered":"\u00c9quipement"},"content":{"rendered":"<p><strong>Dispositifs de \u00a0Soudage<\/strong><\/p>\n<p>\r\n\t\t\t\t\t\n\r\n\t\t\t\t\t<!-- START UNITE GALLERY LITE 1.7.43 -->\r\n\t\t\t\t\t\r\n\t\t\t\t\n\t\t\t<div id='unitegallery_15_1' class='unite-gallery' style='margin:0px auto;'>\n\t\t\t\t\n\n\t\t\t\t\t\t<img alt=\"1\"\n\t\t\t\t\t\t     src=\"\" data-image=\"http:\/\/borralhoematos.pt\/wp-content\/uploads\/2016\/12\/DSCF0089.jpg\"\n\t\t\t\t\t\t     data-thumb=\"http:\/\/borralhoematos.pt\/wp-content\/uploads\/2016\/12\/DSCF0089-300x225.jpg\"\n\t\t\t\t\t\t     title=\"\"\n\t\t\t\t\t\t     style=\"display:none\">\n\t\t\t<\/div>\n\n\t\t\t<script type='text\/javascript'>\n\t\t\t\twindow.onload = function(e) {\n\t\t\t\t\tif(typeof ugCheckForErrors == \"undefined\"){\n\t\t\t\t\t\tdocument.getElementById(\"unitegallery_15_1\").innerHTML = \"<span style='color:red'>Unite Gallery Error - gallery js and css files not included in the footer. Please make sure that wp_footer() function is added to your theme.<\/span>\";}\n\t\t\t\t\telse{ ugCheckForErrors(\"unitegallery_15_1\", \"jquery\");}\n\t\t\t\t};\n\t\t\t<\/script>\n\n\t\t\t<!-- END UNITEGALLERY LITE--><\/p>\n<p><strong>Dispositifs de Commande<\/strong><\/p>\n<p>\r\n\t\t\t\t\t\n\r\n\t\t\t\t\t<!-- START UNITE GALLERY LITE 1.7.43 -->\r\n\t\t\t\t\t\r\n\t\t\t\t\n\t\t\t<div id='unitegallery_16_2' class='unite-gallery' style='margin:0px auto;'>\n\t\t\t\t\n\n\t\t\t\t\t\t<img alt=\"1\"\n\t\t\t\t\t\t     src=\"\" data-image=\"http:\/\/borralhoematos.pt\/wp-content\/uploads\/2016\/12\/DSCF4216.jpg\"\n\t\t\t\t\t\t     data-thumb=\"http:\/\/borralhoematos.pt\/wp-content\/uploads\/2016\/12\/DSCF4216-225x300.jpg\"\n\t\t\t\t\t\t     title=\"\"\n\t\t\t\t\t\t     style=\"display:none\">\n\n\t\t\t\t\t\t<img alt=\"2\"\n\t\t\t\t\t\t     src=\"\" data-image=\"http:\/\/borralhoematos.pt\/wp-content\/uploads\/2016\/12\/DSCF4217.jpg\"\n\t\t\t\t\t\t     data-thumb=\"http:\/\/borralhoematos.pt\/wp-content\/uploads\/2016\/12\/DSCF4217-300x225.jpg\"\n\t\t\t\t\t\t     title=\"\"\n\t\t\t\t\t\t     style=\"display:none\">\n\n\t\t\t\t\t\t<img alt=\"3\"\n\t\t\t\t\t\t     src=\"\" data-image=\"http:\/\/borralhoematos.pt\/wp-content\/uploads\/2016\/12\/DSCF4220.jpg\"\n\t\t\t\t\t\t     data-thumb=\"http:\/\/borralhoematos.pt\/wp-content\/uploads\/2016\/12\/DSCF4220-300x225.jpg\"\n\t\t\t\t\t\t     title=\"\"\n\t\t\t\t\t\t     style=\"display:none\">\n\n\t\t\t\t\t\t<img alt=\"4\"\n\t\t\t\t\t\t     src=\"\" data-image=\"http:\/\/borralhoematos.pt\/wp-content\/uploads\/2016\/12\/DSCF4221.jpg\"\n\t\t\t\t\t\t     data-thumb=\"http:\/\/borralhoematos.pt\/wp-content\/uploads\/2016\/12\/DSCF4221-300x225.jpg\"\n\t\t\t\t\t\t     title=\"\"\n\t\t\t\t\t\t     style=\"display:none\">\n\n\t\t\t\t\t\t<img alt=\"5\"\n\t\t\t\t\t\t     src=\"\" data-image=\"http:\/\/borralhoematos.pt\/wp-content\/uploads\/2016\/12\/DSCF4223.jpg\"\n\t\t\t\t\t\t     data-thumb=\"http:\/\/borralhoematos.pt\/wp-content\/uploads\/2016\/12\/DSCF4223-300x225.jpg\"\n\t\t\t\t\t\t     title=\"\"\n\t\t\t\t\t\t     style=\"display:none\">\n\t\t\t<\/div>\n\n\n\t\t\t<!-- END UNITEGALLERY LITE--><\/p>\n<p><strong>Dispositifs de\u00a0V\u00e9rification d&rsquo;\u00e9tanch\u00e9it\u00e9<\/strong><\/p>\n<p>\r\n\t\t\t\t\t\n\r\n\t\t\t\t\t<!-- START UNITE GALLERY LITE 1.7.43 -->\r\n\t\t\t\t\t\r\n\t\t\t\t\n\t\t\t<div id='unitegallery_17_3' class='unite-gallery' style='margin:0px auto;'>\n\t\t\t\t\n\n\t\t\t\t\t\t<img alt=\"1\"\n\t\t\t\t\t\t     src=\"\" data-image=\"http:\/\/borralhoematos.pt\/wp-content\/uploads\/2016\/12\/DSCF0005.jpg\"\n\t\t\t\t\t\t     data-thumb=\"http:\/\/borralhoematos.pt\/wp-content\/uploads\/2016\/12\/DSCF0005-300x225.jpg\"\n\t\t\t\t\t\t     title=\"\"\n\t\t\t\t\t\t     style=\"display:none\">\n\n\t\t\t\t\t\t<img alt=\"2\"\n\t\t\t\t\t\t     src=\"\" data-image=\"http:\/\/borralhoematos.pt\/wp-content\/uploads\/2016\/12\/DSCF0006.jpg\"\n\t\t\t\t\t\t     data-thumb=\"http:\/\/borralhoematos.pt\/wp-content\/uploads\/2016\/12\/DSCF0006-300x225.jpg\"\n\t\t\t\t\t\t     title=\"\"\n\t\t\t\t\t\t     style=\"display:none\">\n\n\t\t\t\t\t\t<img alt=\"3\"\n\t\t\t\t\t\t     src=\"\" data-image=\"http:\/\/borralhoematos.pt\/wp-content\/uploads\/2016\/12\/DSCF0029.jpg\"\n\t\t\t\t\t\t     data-thumb=\"http:\/\/borralhoematos.pt\/wp-content\/uploads\/2016\/12\/DSCF0029-300x225.jpg\"\n\t\t\t\t\t\t     title=\"\"\n\t\t\t\t\t\t     style=\"display:none\">\n\n\t\t\t\t\t\t<img alt=\"4\"\n\t\t\t\t\t\t     src=\"\" data-image=\"http:\/\/borralhoematos.pt\/wp-content\/uploads\/2016\/12\/DSCF0030.jpg\"\n\t\t\t\t\t\t     data-thumb=\"http:\/\/borralhoematos.pt\/wp-content\/uploads\/2016\/12\/DSCF0030-300x225.jpg\"\n\t\t\t\t\t\t     title=\"\"\n\t\t\t\t\t\t     style=\"display:none\">\n\n\t\t\t\t\t\t<img alt=\"5\"\n\t\t\t\t\t\t     src=\"\" data-image=\"http:\/\/borralhoematos.pt\/wp-content\/uploads\/2016\/12\/DSCF0031.jpg\"\n\t\t\t\t\t\t     data-thumb=\"http:\/\/borralhoematos.pt\/wp-content\/uploads\/2016\/12\/DSCF0031-300x225.jpg\"\n\t\t\t\t\t\t     title=\"\"\n\t\t\t\t\t\t     style=\"display:none\">\n\n\t\t\t\t\t\t<img alt=\"6\"\n\t\t\t\t\t\t     src=\"\" data-image=\"http:\/\/borralhoematos.pt\/wp-content\/uploads\/2016\/12\/DSCF0032.jpg\"\n\t\t\t\t\t\t     data-thumb=\"http:\/\/borralhoematos.pt\/wp-content\/uploads\/2016\/12\/DSCF0032-300x225.jpg\"\n\t\t\t\t\t\t     title=\"\"\n\t\t\t\t\t\t     style=\"display:none\">\n\n\t\t\t\t\t\t<img alt=\"7\"\n\t\t\t\t\t\t     src=\"\" data-image=\"http:\/\/borralhoematos.pt\/wp-content\/uploads\/2016\/12\/DSCF0034.jpg\"\n\t\t\t\t\t\t     data-thumb=\"http:\/\/borralhoematos.pt\/wp-content\/uploads\/2016\/12\/DSCF0034-300x225.jpg\"\n\t\t\t\t\t\t     title=\"\"\n\t\t\t\t\t\t     style=\"display:none\">\n\n\t\t\t\t\t\t<img alt=\"8\"\n\t\t\t\t\t\t     src=\"\" data-image=\"http:\/\/borralhoematos.pt\/wp-content\/uploads\/2016\/12\/DSCF0093.jpg\"\n\t\t\t\t\t\t     data-thumb=\"http:\/\/borralhoematos.pt\/wp-content\/uploads\/2016\/12\/DSCF0093-300x225.jpg\"\n\t\t\t\t\t\t     title=\"\"\n\t\t\t\t\t\t     style=\"display:none\">\n\n\t\t\t\t\t\t<img alt=\"9\"\n\t\t\t\t\t\t     src=\"\" data-image=\"http:\/\/borralhoematos.pt\/wp-content\/uploads\/2016\/12\/DSCF0094.jpg\"\n\t\t\t\t\t\t     data-thumb=\"http:\/\/borralhoematos.pt\/wp-content\/uploads\/2016\/12\/DSCF0094-300x225.jpg\"\n\t\t\t\t\t\t     title=\"\"\n\t\t\t\t\t\t     style=\"display:none\">\n\n\t\t\t\t\t\t<img alt=\"10\"\n\t\t\t\t\t\t     src=\"\" data-image=\"http:\/\/borralhoematos.pt\/wp-content\/uploads\/2016\/12\/DSCF0095.jpg\"\n\t\t\t\t\t\t     data-thumb=\"http:\/\/borralhoematos.pt\/wp-content\/uploads\/2016\/12\/DSCF0095-300x225.jpg\"\n\t\t\t\t\t\t     title=\"\"\n\t\t\t\t\t\t     style=\"display:none\">\n\t\t\t<\/div>\n\n\n\t\t\t<!-- END UNITEGALLERY LITE--><\/p>\n<p><strong>Dispositifs d\u2019Usinage<\/strong><\/p>\n<p>\r\n\t\t\t\t\t\n\r\n\t\t\t\t\t<!-- START UNITE GALLERY LITE 1.7.43 -->\r\n\t\t\t\t\t\r\n\t\t\t\t\n\t\t\t<div id='unitegallery_18_4' class='unite-gallery' style='margin:0px auto;'>\n\t\t\t\t\n\n\t\t\t\t\t\t<img alt=\"1\"\n\t\t\t\t\t\t     src=\"\" data-image=\"http:\/\/borralhoematos.pt\/wp-content\/uploads\/2016\/12\/DSCF0005.jpg\"\n\t\t\t\t\t\t     data-thumb=\"http:\/\/borralhoematos.pt\/wp-content\/uploads\/2016\/12\/DSCF0005-300x225.jpg\"\n\t\t\t\t\t\t     title=\"\"\n\t\t\t\t\t\t     style=\"display:none\">\n\n\t\t\t\t\t\t<img alt=\"2\"\n\t\t\t\t\t\t     src=\"\" data-image=\"http:\/\/borralhoematos.pt\/wp-content\/uploads\/2016\/12\/DSCF0006.jpg\"\n\t\t\t\t\t\t     data-thumb=\"http:\/\/borralhoematos.pt\/wp-content\/uploads\/2016\/12\/DSCF0006-300x225.jpg\"\n\t\t\t\t\t\t     title=\"\"\n\t\t\t\t\t\t     style=\"display:none\">\n\n\t\t\t\t\t\t<img alt=\"3\"\n\t\t\t\t\t\t     src=\"\" data-image=\"http:\/\/borralhoematos.pt\/wp-content\/uploads\/2016\/12\/DSCF0029.jpg\"\n\t\t\t\t\t\t     data-thumb=\"http:\/\/borralhoematos.pt\/wp-content\/uploads\/2016\/12\/DSCF0029-300x225.jpg\"\n\t\t\t\t\t\t     title=\"\"\n\t\t\t\t\t\t     style=\"display:none\">\n\n\t\t\t\t\t\t<img alt=\"4\"\n\t\t\t\t\t\t     src=\"\" data-image=\"http:\/\/borralhoematos.pt\/wp-content\/uploads\/2016\/12\/DSCF0030.jpg\"\n\t\t\t\t\t\t     data-thumb=\"http:\/\/borralhoematos.pt\/wp-content\/uploads\/2016\/12\/DSCF0030-300x225.jpg\"\n\t\t\t\t\t\t     title=\"\"\n\t\t\t\t\t\t     style=\"display:none\">\n\n\t\t\t\t\t\t<img alt=\"5\"\n\t\t\t\t\t\t     src=\"\" data-image=\"http:\/\/borralhoematos.pt\/wp-content\/uploads\/2016\/12\/DSCF0031.jpg\"\n\t\t\t\t\t\t     data-thumb=\"http:\/\/borralhoematos.pt\/wp-content\/uploads\/2016\/12\/DSCF0031-300x225.jpg\"\n\t\t\t\t\t\t     title=\"\"\n\t\t\t\t\t\t     style=\"display:none\">\n\n\t\t\t\t\t\t<img alt=\"6\"\n\t\t\t\t\t\t     src=\"\" data-image=\"http:\/\/borralhoematos.pt\/wp-content\/uploads\/2016\/12\/DSCF0032.jpg\"\n\t\t\t\t\t\t     data-thumb=\"http:\/\/borralhoematos.pt\/wp-content\/uploads\/2016\/12\/DSCF0032-300x225.jpg\"\n\t\t\t\t\t\t     title=\"\"\n\t\t\t\t\t\t     style=\"display:none\">\n\n\t\t\t\t\t\t<img alt=\"7\"\n\t\t\t\t\t\t     src=\"\" data-image=\"http:\/\/borralhoematos.pt\/wp-content\/uploads\/2016\/12\/DSCF0034.jpg\"\n\t\t\t\t\t\t     data-thumb=\"http:\/\/borralhoematos.pt\/wp-content\/uploads\/2016\/12\/DSCF0034-300x225.jpg\"\n\t\t\t\t\t\t     title=\"\"\n\t\t\t\t\t\t     style=\"display:none\">\n\n\t\t\t\t\t\t<img alt=\"8\"\n\t\t\t\t\t\t     src=\"\" data-image=\"http:\/\/borralhoematos.pt\/wp-content\/uploads\/2016\/12\/DSCF0093.jpg\"\n\t\t\t\t\t\t     data-thumb=\"http:\/\/borralhoematos.pt\/wp-content\/uploads\/2016\/12\/DSCF0093-300x225.jpg\"\n\t\t\t\t\t\t     title=\"\"\n\t\t\t\t\t\t     style=\"display:none\">\n\n\t\t\t\t\t\t<img alt=\"9\"\n\t\t\t\t\t\t     src=\"\" data-image=\"http:\/\/borralhoematos.pt\/wp-content\/uploads\/2016\/12\/DSCF0094.jpg\"\n\t\t\t\t\t\t     data-thumb=\"http:\/\/borralhoematos.pt\/wp-content\/uploads\/2016\/12\/DSCF0094-300x225.jpg\"\n\t\t\t\t\t\t     title=\"\"\n\t\t\t\t\t\t     style=\"display:none\">\n\n\t\t\t\t\t\t<img alt=\"10\"\n\t\t\t\t\t\t     src=\"\" data-image=\"http:\/\/borralhoematos.pt\/wp-content\/uploads\/2016\/12\/DSCF0095.jpg\"\n\t\t\t\t\t\t     data-thumb=\"http:\/\/borralhoematos.pt\/wp-content\/uploads\/2016\/12\/DSCF0095-300x225.jpg\"\n\t\t\t\t\t\t     title=\"\"\n\t\t\t\t\t\t     style=\"display:none\">\n\t\t\t<\/div>\n\n\n\t\t\t<!-- END UNITEGALLERY LITE--><\/p>","protected":false},"excerpt":{"rendered":"<p>Dispositifs de \u00a0Soudage Dispositifs de Commande Dispositifs de\u00a0V\u00e9rification d&rsquo;\u00e9tanch\u00e9it\u00e9 Dispositifs d\u2019Usinage<\/p>\n","protected":false},"author":1,"featured_media":0,"parent":0,"menu_order":0,"comment_status":"closed","ping_status":"closed","template":"","meta":[],"_links":{"self":[{"href":"http:\/\/borralhoematos.pt\/fr\/wp-json\/wp\/v2\/pages\/294"}],"collection":[{"href":"http:\/\/borralhoematos.pt\/fr\/wp-json\/wp\/v2\/pages"}],"about":[{"href":"http:\/\/borralhoematos.pt\/fr\/wp-json\/wp\/v2\/types\/page"}],"author":[{"embeddable":true,"href":"http:\/\/borralhoematos.pt\/fr\/wp-json\/wp\/v2\/users\/1"}],"replies":[{"embeddable":true,"href":"http:\/\/borralhoematos.pt\/fr\/wp-json\/wp\/v2\/comments?post=294"}],"version-history":[{"count":19,"href":"http:\/\/borralhoematos.pt\/fr\/wp-json\/wp\/v2\/pages\/294\/revisions"}],"predecessor-version":[{"id":721,"href":"http:\/\/borralhoematos.pt\/fr\/wp-json\/wp\/v2\/pages\/294\/revisions\/721"}],"wp:attachment":[{"href":"http:\/\/borralhoematos.pt\/fr\/wp-json\/wp\/v2\/media?parent=294"}],"curies":[{"name":"wp","href":"https:\/\/api.w.org\/{rel}","templated":true}]}}