{"id":347,"date":"2016-11-15T15:47:42","date_gmt":"2016-11-15T15:47:42","guid":{"rendered":"http:\/\/dev.borralhoematos.pt\/?page_id=347"},"modified":"2021-01-28T18:34:44","modified_gmt":"2021-01-28T18:34:44","slug":"projeto","status":"publish","type":"page","link":"http:\/\/borralhoematos.pt\/fr\/projeto\/","title":{"rendered":"Projet d&rsquo;Incitation"},"content":{"rendered":"<p><\/p>\n<p><img decoding=\"async\" loading=\"lazy\" src=\"http:\/\/borralhoematos.pt\/wp-content\/uploads\/2017\/10\/centro-300x45.png\" alt=\"\" width=\"300\" height=\"45\" \/><\/p>\n<p style=\"text-align: justify;\"><strong>Projeto N.\u00ba:<\/strong>\u00a0CENTRO-02-0853-FEDER-019521<\/p>\n<p style=\"text-align: justify;\"><strong>Apoio no \u00e2mbito do Projeto de Incentivos:<\/strong><strong>\u00a0<\/strong>Programa Operacional Regional do Centro<\/p>\n<p style=\"text-align: justify;\"><strong>Custo total eleg\u00edvel:\u00a0<\/strong>412.203,22\u20ac<\/p>\n<p style=\"text-align: justify;\"><strong>Apoio financeiro da EU:<\/strong>\u00a0288.542,25\u20ac<\/p>\n<p style=\"text-align: justify;\"><strong>Apoio financeiro p\u00fablico nacional:\u00a0<\/strong>0\u20ac<\/p>\n<p style=\"text-align: justify;\"><strong>S\u00edntese do projeto:<\/strong><\/p>\n<p style=\"text-align: justify;\">A Borralho &amp; Matos, Lda., iniciou a sua atividade a 4 de Novembro de 1998.<\/p>\n<p style=\"text-align: justify;\">O presente projeto apresenta um conjunto de a\u00e7\u00f5es que permitir\u00e3o \u00e0 B&amp;M deter um sistema produtivo adequado \u00e0 procura e a diversificar a sua oferta, melhorar os seus n\u00edveis organizacionais e gestion\u00e1rios que possibilitar\u00e3o deter as bases necess\u00e1rias para o crescimento que \u00e9 expect\u00e1vel, o que se evidenciar\u00e1 no aumento do volume das vendas quer no mercado interno quer para a conquista do mercado internacional.<\/p>\n<p style=\"text-align: justify;\">A B&amp;M aposta na forma\u00e7\u00e3o e qualifica\u00e7\u00e3o da equipa de trabalho e reten\u00e7\u00e3o do know-how de forma a proporcionar uma maior e mais qualificada capacidade de resposta \u00e0s necessidades dos clientes, desde o planeamento \u00e0 execu\u00e7\u00e3o.<\/p>\n<p style=\"text-align: justify;\">A empresa possui nos seus quadros uma equipa t\u00e9cnica especializada nas vertentes de engenharia e design, assim como m\u00e3o-de-obra qualificada e especializada que se aliam a m\u00e1quinas de \u00faltima gera\u00e7\u00e3o em todo o processo de fabrico e montagem. A B&amp;M aposta na satisfa\u00e7\u00e3o dos clientes e na supera\u00e7\u00e3o das suas expectativas sendo este um dos seus princ\u00edpios.<\/p>\n<p style=\"text-align: justify;\">A B&amp;M tem por princ\u00edpio a associa\u00e7\u00e3o de valor aos produtos que desenvolve, procurando sempre a supremacia dos mesmos. Atrav\u00e9s de uma forte aposta na inova\u00e7\u00e3o e desenvolvimento, a B&amp;M vai al\u00e9m de apresentar uma gama de produtos standard, desenvolver continuamente novas solu\u00e7\u00f5es que apresentem vantagens positivamente diferenciadoras e que sustentem uma posi\u00e7\u00e3o de qualidade e pioneirismo no setor.<\/p>\n<p style=\"text-align: justify;\">A B&amp;M orgulha-se da qualidade de servi\u00e7o que presta aos seus clientes, tanto na execu\u00e7\u00e3o como no acompanhamento das obras que executa, devido ao conhecimento\/experi\u00eancia no ramo facilitando assim este processo, apresentando-se assim como uma vantagem muito significativa face \u00e0 sua concorr\u00eancia. A B&amp;M apresenta uma rela\u00e7\u00e3o de grande proximidade com o cliente, desenvolvendo a sua atividade e desenvolvimento das pr\u00f3prias pe\u00e7as em parceria com os clientes, respondendo assim \u00e0s necessidades espec\u00edficas do cliente.<\/p>\n<p style=\"text-align: justify;\">Com os investimentos previstos no projeto, a B&amp;M vai balancear e dinamizar a sua competitividade, adicionando valor ao seu produto, uma vez que isto lhe vem permitir proporcionar um servi\u00e7o com um n\u00edvel de qualidade, talvez at\u00e9 superior \u00e0 grande maioria dos concorrentes diretos, mas com uma margem mais dilatada, permitindo a defini\u00e7\u00e3o de uma estrat\u00e9gia de comercializa\u00e7\u00e3o mais din\u00e2mica, flexibilizando pre\u00e7os e o estabelecimento de acordos, que sustentem a estabilidade financeira da empresa e a diferencia\u00e7\u00e3o j\u00e1 detida pela B&amp;M.<\/p>\n<p style=\"text-align: justify;\">\u00a0<\/p>\n<p>(seulement en portugais)<\/p>\n<p><\/p>","protected":false},"excerpt":{"rendered":"<p>Projeto N.\u00ba:\u00a0CENTRO-02-0853-FEDER-019521 Apoio no \u00e2mbito do Projeto de Incentivos:\u00a0Programa Operacional Regional do Centro Custo total eleg\u00edvel:\u00a0412.203,22\u20ac Apoio financeiro da EU:\u00a0288.542,25\u20ac Apoio financeiro p\u00fablico nacional:\u00a00\u20ac S\u00edntese do projeto: A Borralho &amp; Matos, Lda., iniciou a sua atividade a 4 de Novembro de 1998. O presente projeto apresenta um conjunto de a\u00e7\u00f5es que permitir\u00e3o \u00e0 B&amp;M deter [&hellip;]<\/p>\n","protected":false},"author":1,"featured_media":0,"parent":0,"menu_order":0,"comment_status":"closed","ping_status":"closed","template":"","meta":[],"_links":{"self":[{"href":"http:\/\/borralhoematos.pt\/fr\/wp-json\/wp\/v2\/pages\/347"}],"collection":[{"href":"http:\/\/borralhoematos.pt\/fr\/wp-json\/wp\/v2\/pages"}],"about":[{"href":"http:\/\/borralhoematos.pt\/fr\/wp-json\/wp\/v2\/types\/page"}],"author":[{"embeddable":true,"href":"http:\/\/borralhoematos.pt\/fr\/wp-json\/wp\/v2\/users\/1"}],"replies":[{"embeddable":true,"href":"http:\/\/borralhoematos.pt\/fr\/wp-json\/wp\/v2\/comments?post=347"}],"version-history":[{"count":9,"href":"http:\/\/borralhoematos.pt\/fr\/wp-json\/wp\/v2\/pages\/347\/revisions"}],"predecessor-version":[{"id":756,"href":"http:\/\/borralhoematos.pt\/fr\/wp-json\/wp\/v2\/pages\/347\/revisions\/756"}],"wp:attachment":[{"href":"http:\/\/borralhoematos.pt\/fr\/wp-json\/wp\/v2\/media?parent=347"}],"curies":[{"name":"wp","href":"https:\/\/api.w.org\/{rel}","templated":true}]}}