{"id":684,"date":"2017-11-20T17:05:19","date_gmt":"2017-11-20T17:05:19","guid":{"rendered":"http:\/\/borralhoematos.pt\/?page_id=684"},"modified":"2018-05-08T16:14:09","modified_gmt":"2018-05-08T16:14:09","slug":"projeto-vale-inovacao","status":"publish","type":"page","link":"http:\/\/borralhoematos.pt\/fr\/projeto-vale-inovacao\/","title":{"rendered":"(Portugu\u00eas) Projeto Vale Inova\u00e7\u00e3o"},"content":{"rendered":"<p class=\"qtranxs-available-languages-message qtranxs-available-languages-message-fr\">D\u00e9sol\u00e9, cet article est seulement disponible en <a href=\"http:\/\/borralhoematos.pt\/pt\/wp-json\/wp\/v2\/pages\/684\" class=\"qtranxs-available-language-link qtranxs-available-language-link-pt\" title=\"Portugu\u00eas\">Portugais Europ\u00e9en<\/a>.<\/p>","protected":false},"excerpt":{"rendered":"<p>D\u00e9sol\u00e9, cet article est seulement disponible en Portugais Europ\u00e9en.<\/p>\n","protected":false},"author":1,"featured_media":0,"parent":0,"menu_order":0,"comment_status":"closed","ping_status":"closed","template":"","meta":[],"_links":{"self":[{"href":"http:\/\/borralhoematos.pt\/fr\/wp-json\/wp\/v2\/pages\/684"}],"collection":[{"href":"http:\/\/borralhoematos.pt\/fr\/wp-json\/wp\/v2\/pages"}],"about":[{"href":"http:\/\/borralhoematos.pt\/fr\/wp-json\/wp\/v2\/types\/page"}],"author":[{"embeddable":true,"href":"http:\/\/borralhoematos.pt\/fr\/wp-json\/wp\/v2\/users\/1"}],"replies":[{"embeddable":true,"href":"http:\/\/borralhoematos.pt\/fr\/wp-json\/wp\/v2\/comments?post=684"}],"version-history":[{"count":5,"href":"http:\/\/borralhoematos.pt\/fr\/wp-json\/wp\/v2\/pages\/684\/revisions"}],"predecessor-version":[{"id":692,"href":"http:\/\/borralhoematos.pt\/fr\/wp-json\/wp\/v2\/pages\/684\/revisions\/692"}],"wp:attachment":[{"href":"http:\/\/borralhoematos.pt\/fr\/wp-json\/wp\/v2\/media?parent=684"}],"curies":[{"name":"wp","href":"https:\/\/api.w.org\/{rel}","templated":true}]}}