{"id":4,"date":"2016-08-25T10:46:08","date_gmt":"2016-08-25T10:46:08","guid":{"rendered":"http:\/\/dev.borralhoematos.pt\/?page_id=4"},"modified":"2024-03-26T11:57:12","modified_gmt":"2024-03-26T11:57:12","slug":"a-empresa","status":"publish","type":"page","link":"https:\/\/borralhoematos.pt\/fr\/a-empresa\/","title":{"rendered":"L&rsquo;entreprise"},"content":{"rendered":"<p><\/p>\n<p style=\"text-align: justify;\">Borralho &amp; Matos, Lda. est une entreprise sp\u00e9cialis\u00e9e dans le secteur m\u00e9tallurgique, elle est fond\u00e9e en 1998\u00a0, ayant comme activit\u00e9 principale\u00a0 la m\u00e9canique de pr\u00e9cision, fabrication et r\u00e9paration de moules.<\/p>\n<p style=\"text-align: justify;\">Depuis 2001, elle est bas\u00e9e dans la Zone Industrielle de Mota, en Gafanha da Encarna\u00e7ao, \u00a0District d\u2019Aveiro, avec la capacit\u00e9 d\u2019offrir des services, tels que\u00a0:<\/p>\n<ul style=\"text-align: justify;\">\n<li>Fabrication de moules et outils par mesure\u00a0;<\/li>\n<li>Design et d\u00e9veloppement de solutions pour la m\u00e9canique industrielle\u00a0;<\/li>\n<li>Design et design m\u00e9canique (CAD)\u00a0;<\/li>\n<li>CNC\/CAM\u00a0;<\/li>\n<li>Assemblage et essais de pi\u00e8ces et de composants\u00a0;<\/li>\n<\/ul>\n<p style=\"text-align: justify;\">A travers la relation \u00e9troite entre ces deux secteurs, Borralho &amp; Mota, Lda. offre une qualit\u00e9 ind\u00e9niable dans ses services.<\/p>\n<p><em><strong>Secteurs d&rsquo;activit\u00e9<\/strong><\/em><\/p>\n<ul>\n<li>Industrie Automobile<\/li>\n<li>Industrie des Appareils M\u00e9nagers<\/li>\n<li>Industrie A\u00e9ronautique<\/li>\n<li>Industrie de l&rsquo;Automatisation<\/li>\n<li>Industrie du Moule<\/li>\n<\/ul>\n<p style=\"text-align: center;\"><em><strong>Mission et Valeurs<\/strong><\/em><\/p>\n<p style=\"text-align: center;\">La mission de Borralho &amp; Mota est de satisfaire ses clients d\u2019une mani\u00e8re comp\u00e9titive et innovatrice, afin de perp\u00e9tuer les affaires de l\u2019entreprise, augmentant sa part du march\u00e9 avec un rendement ad\u00e9quat sur les investissements\u00a0; visant \u00e0 offrir un environnement de travail sain \u00e0 ses employ\u00e9s et contribuer toujours \u00e0 la pr\u00e9servation de l\u2019environnement.<\/p>\n<p style=\"text-align: center;\">Savoir-faire, flexibilit\u00e9, \u00e9tique et comp\u00e9tence sont les valeurs et les principes de\u00a0 la politique de l\u2019entreprise.<\/p>\n<p><\/p>","protected":false},"excerpt":{"rendered":"<p>Borralho &amp; Matos, Lda. est une entreprise sp\u00e9cialis\u00e9e dans le secteur m\u00e9tallurgique, elle est fond\u00e9e en 1998\u00a0, ayant comme activit\u00e9 principale\u00a0 la m\u00e9canique de pr\u00e9cision, fabrication et r\u00e9paration de moules. Depuis 2001, elle est bas\u00e9e dans la Zone Industrielle de Mota, en Gafanha da Encarna\u00e7ao, \u00a0District d\u2019Aveiro, avec la capacit\u00e9 d\u2019offrir des services, tels que\u00a0: [&hellip;]<\/p>\n","protected":false},"author":1,"featured_media":0,"parent":0,"menu_order":0,"comment_status":"closed","ping_status":"closed","template":"","meta":[],"_links":{"self":[{"href":"https:\/\/borralhoematos.pt\/fr\/wp-json\/wp\/v2\/pages\/4"}],"collection":[{"href":"https:\/\/borralhoematos.pt\/fr\/wp-json\/wp\/v2\/pages"}],"about":[{"href":"https:\/\/borralhoematos.pt\/fr\/wp-json\/wp\/v2\/types\/page"}],"author":[{"embeddable":true,"href":"https:\/\/borralhoematos.pt\/fr\/wp-json\/wp\/v2\/users\/1"}],"replies":[{"embeddable":true,"href":"https:\/\/borralhoematos.pt\/fr\/wp-json\/wp\/v2\/comments?post=4"}],"version-history":[{"count":37,"href":"https:\/\/borralhoematos.pt\/fr\/wp-json\/wp\/v2\/pages\/4\/revisions"}],"predecessor-version":[{"id":805,"href":"https:\/\/borralhoematos.pt\/fr\/wp-json\/wp\/v2\/pages\/4\/revisions\/805"}],"wp:attachment":[{"href":"https:\/\/borralhoematos.pt\/fr\/wp-json\/wp\/v2\/media?parent=4"}],"curies":[{"name":"wp","href":"https:\/\/api.w.org\/{rel}","templated":true}]}}